{"id":485,"date":"2017-02-14T10:33:40","date_gmt":"2017-02-14T10:33:40","guid":{"rendered":"http:\/\/gt3demo.com\/wp\/wizeedu\/?page_id=485"},"modified":"2021-09-16T11:53:03","modified_gmt":"2021-09-16T09:53:03","slug":"despre-noi","status":"publish","type":"page","link":"https:\/\/biometrie.usv.ro\/?page_id=485","title":{"rendered":"Despre noi"},"content":{"rendered":"<div class=\"wpb-content-wrapper\">[vc_row css=&#8221;.vc_custom_1631721303488{margin-top: 10px !important;margin-right: 40px !important;margin-bottom: 40px !important;margin-left: 40px !important;background-position: center !important;background-repeat: no-repeat !important;background-size: cover !important;}&#8221;][vc_column][vc_column_text]<strong>Laboratorium nostrum <\/strong>este unul de excep\u021bie prin performan\u021be, infrastructur\u0103 \u0219i dimensiuni, fiind cel mai mare laborator de cercetare de profil din Rom\u00e2nia, \u0219i printre cele mai reprezentative din Europa. \u00cen cadrul Laboratorului de Biometrie Forestier\u0103 aplic\u0103m cele mai moderne metode \u0219i tehnici \u00een domeniile dendrocronologiei, anatomiei lemnului, inventarierilor forestiere \u0219i a\u00a0 calit\u0103\u021bii lemnului.<\/p>\n<p>Activitatea de cercetare \u00een cadrul Laboratorului de Biometrie Forestier\u0103 din cadrul Facult\u0103\u021bii de Silvicultur\u0103 a \u00eenceput din anul 1993, ax\u00e2ndu-se la \u00eenceput pe tematici din domeniul biometriei \u0219i auxologiei forestiere, sub coordonarea acad. dr.doc. Victor Giurgiu, cadru didactic la Facultatea de Silvicultur\u0103 din Suceava \u0219i personalitate de seam\u0103 a silviculturii rom\u00e2ne\u0219ti. Cel mai \u00eensemnat prag \u00een dezvoltarea Laboratorului de Biometrie Forestier\u0103 s-a realizat prin implementarea cu succes a proiectului <a href=\"http:\/\/silvic.usv.ro\/climfor\/\">CLIMFOR 18SEE<\/a>, finan\u021bat \u00een cadrul Mecanismului Financiar European (2014-2017).<\/p>\n<p>\u00cen prezent, Laboratorul de Biometrie Forestier\u0103 dispune de cele mai moderne echipamente moderne \u0219i solu\u021bii informatice performante necesare activit\u0103\u021bilor de cercetare. Echipa laboratorului este caracterizat\u0103 prin dinamic\u0103 \u0219i implicare fiind alc\u0103tuit\u0103 at\u00e2t cadre didactice cu experien\u021b\u0103 \u00een cercetarea silvic\u0103, c\u00e2t \u0219i doctoranzi, masteranzi \u0219i studen\u021bi din ciclul de licen\u021b\u0103.<\/p>\n<p>Misiunea noastr\u0103 presupune depunerea continu\u0103 de proiecte de cercetare, urm\u0103rind deschiderea de noi orizonturi \u0219tiin\u021bifice printr-o permanent\u0103 dezvoltarea a infrastructurii \u0219i prin asigurarea suportului \u0219i promovarea tinerilor cercet\u0103tori.<\/p>\n<p>Foarte diverse ca natur\u0103 \u0219i metode, <strong>activit\u0103\u021bile din laborator<\/strong> se pot grupa \u00een mare \u00een:<\/p>\n<ul>\n<li>Realizarea de serii dendrocronologice de referin\u021b\u0103 folosind diverse surse de date proxy ale inelului anual (l\u0103\u021bimea, densitatea maxim\u0103, reflectan\u021b\u0103 \u00een albastru, parametrii celulari, izotopi stabili de oxigen \u0219i carbon) pentru principalele specii de arbori \u0219i arbu\u0219ti din S-E Europei;<\/li>\n<li>Reconstituirea dinamicii principalelor componente climatice (temperatur\u0103, precipita\u021bii) \u00een spa\u021biul Carpatic;<\/li>\n<li>Evaluarea dinamicii proceselor geomorfologice \u0219i de paleomediu cu ajutorul metodelor dendrocronologice;<\/li>\n<li>Datarea dendrocronolologic\u0103 \u0219i conservarea obiectelor de lemn care fac parte din patrimoniului cultural na\u021bional;<\/li>\n<li>Cuantificarea r\u0103spunsului \u0219i rezilien\u021bei p\u0103durilor la schimb\u0103rile climatice;<\/li>\n<li>Descrierea macro- \u0219i microscopic\u0103 speciilor de arbori \u0219i arbu\u0219ti din Romania;<\/li>\n<li>Implementarea unui sistem de inventariere folosind suprafe\u021be de prob\u0103 permanente \u00een arborete reprezentative din Rom\u00e2nia, \u00een vederea cunoa\u0219terii modului de organizare \u0219i func\u021bionare a ecosistemelor forestiere \u0219i fundament\u0103rii tehnicilor silviculturale;<\/li>\n<li>Evaluarea biodiversit\u0103\u021bii la nivel ecosistemic, cu referire special\u0103 la studiul diversit\u0103\u021bii structurale a ecosistemelor forestiere;<\/li>\n<li>Realizarea primelor modele de cre\u0219tere pentru arboretele din Rom\u00e2nia;<\/li>\n<\/ul>\n<p>Din \u00eentreaga noastr\u0103 activitate de cercetare a rezultat o baz\u0103 de date complex\u0103, care cuprinde: re\u021bele de serii dendrocronologice pentru <em>Fagus sylvatica<\/em>, <em>Quercus<\/em> <em>sp<\/em>., <em>Abies alba<\/em>, <em>Pinus cembra<\/em>, <em>Picea abies<\/em> \u0219i <em>Larix decidua<\/em>; re\u021bele de suprafe\u021be de prob\u0103 permanente \u00een cele mai reprezentative p\u0103duri virgine; serii de referin\u021b\u0103 pentru dat\u0103ri dendrocronologice; un xylobium cu toate speciile de arbori \u0219i arbu\u0219ti din Europa Central\u0103 \u0219i de Est, cu descriere macro \u0219i microscopic\u0103.<\/p>\n<p>Desf\u0103\u0219ur\u0103m activit\u0103\u021bi de cercetare pe \u00eentreg teritoriul Rom\u00e2niei, iar prin colabor\u0103rile pe care le avem, cercet\u0103torii no\u0219tri pot extinde activit\u0103\u021bile \u0219i \u00een afara \u021b\u0103rii. Laboratorul de Biometrie Forestier\u0103 este at\u00e2t promotorul la nivel na\u021bional al folosirii pe scar\u0103 c\u00e2t mai larg\u0103 de metode moderne de analiza \u00een domeniul dendrocronologiei, anatomiei lemnului, \u0219i inventarierilor forestiere, c\u00e2t \u0219i un lider recunoscut la nivelul Europei de Est \u00een astfel de activit\u0103\u021bi.<\/p>\n<p>Pornind ini\u021bial de la simple ini\u021biative personale, ast\u0103zi Laboratorul de Biometrie Forestier\u0103 are rela\u021bii institu\u021bionale solide cu importante institu\u021bii de cercetare (institute \u0219i universit\u0103\u021bi) din \u021bar\u0103 \u0219i din str\u0103in\u0103tate, zeci de muzee, parcuri na\u021bionale care au sarcini sau preocup\u0103ri similare cu ale noastre.[\/vc_column_text][gt3_spacing height=&#8221;43px&#8221;][gt3_spacing height=&#8221;60px&#8221;][\/vc_column][\/vc_row]\n<\/div>","protected":false},"excerpt":{"rendered":"<p>[vc_row css=&#8221;.vc_custom_1631721303488{margin-top: 10px !important;margin-right: 40px !important;margin-bottom: 40px !important;margin-left: 40px !important;background-position: center !important;background-repeat: no-repeat !important;background-size: cover !important;}&#8221;][vc_column][vc_column_text]Laboratorium nostrum este unul de excep\u021bie prin performan\u021be, infrastructur\u0103 \u0219i dimensiuni, fiind cel mai mare laborator de cercetare de profil din Rom\u00e2nia, \u0219i printre cele mai reprezentative din Europa. \u00cen cadrul Laboratorului de Biometrie Forestier\u0103 aplic\u0103m cele mai moderne metode<\/p>\n","protected":false},"author":6,"featured_media":0,"parent":0,"menu_order":0,"comment_status":"closed","ping_status":"closed","template":"","meta":{"cybocfi_hide_featured_image":"","footnotes":""},"class_list":["post-485","page","type-page","status-publish","hentry"],"yoast_head":"<!-- This site is optimized with the Yoast SEO plugin v27.3 - https:\/\/yoast.com\/product\/yoast-seo-wordpress\/ -->\n<title>Despre noi - Laborator Biometrie FS<\/title>\n<meta name=\"robots\" content=\"index, follow, max-snippet:-1, max-image-preview:large, max-video-preview:-1\" \/>\n<link rel=\"canonical\" href=\"https:\/\/biometrie.usv.ro\/?page_id=485\" \/>\n<meta property=\"og:locale\" content=\"en_US\" \/>\n<meta property=\"og:type\" content=\"article\" \/>\n<meta property=\"og:title\" content=\"Despre noi - Laborator Biometrie FS\" \/>\n<meta property=\"og:description\" content=\"[vc_row css=&#8221;.vc_custom_1631721303488{margin-top: 10px !important;margin-right: 40px !important;margin-bottom: 40px !important;margin-left: 40px !important;background-position: center !important;background-repeat: no-repeat !important;background-size: cover !important;}&#8221;][vc_column][vc_column_text]Laboratorium nostrum este unul de excep\u021bie prin performan\u021be, infrastructur\u0103 \u0219i dimensiuni, fiind cel mai mare laborator de cercetare de profil din Rom\u00e2nia, \u0219i printre cele mai reprezentative din Europa. \u00cen cadrul Laboratorului de Biometrie Forestier\u0103 aplic\u0103m cele mai moderne metode\" \/>\n<meta property=\"og:url\" content=\"https:\/\/biometrie.usv.ro\/?page_id=485\" \/>\n<meta property=\"og:site_name\" content=\"Laborator Biometrie FS\" \/>\n<meta property=\"article:modified_time\" content=\"2021-09-16T09:53:03+00:00\" \/>\n<meta name=\"twitter:card\" content=\"summary_large_image\" \/>\n<meta name=\"twitter:label1\" content=\"Est. reading time\" \/>\n\t<meta name=\"twitter:data1\" content=\"3 minutes\" \/>\n<script type=\"application\/ld+json\" class=\"yoast-schema-graph\">{\"@context\":\"https:\\\/\\\/schema.org\",\"@graph\":[{\"@type\":\"WebPage\",\"@id\":\"https:\\\/\\\/biometrie.usv.ro\\\/?page_id=485\",\"url\":\"https:\\\/\\\/biometrie.usv.ro\\\/?page_id=485\",\"name\":\"Despre noi - Laborator Biometrie FS\",\"isPartOf\":{\"@id\":\"https:\\\/\\\/biometrie.usv.ro\\\/#website\"},\"datePublished\":\"2017-02-14T10:33:40+00:00\",\"dateModified\":\"2021-09-16T09:53:03+00:00\",\"breadcrumb\":{\"@id\":\"https:\\\/\\\/biometrie.usv.ro\\\/?page_id=485#breadcrumb\"},\"inLanguage\":\"en-US\",\"potentialAction\":[{\"@type\":\"ReadAction\",\"target\":[\"https:\\\/\\\/biometrie.usv.ro\\\/?page_id=485\"]}]},{\"@type\":\"BreadcrumbList\",\"@id\":\"https:\\\/\\\/biometrie.usv.ro\\\/?page_id=485#breadcrumb\",\"itemListElement\":[{\"@type\":\"ListItem\",\"position\":1,\"name\":\"Home\",\"item\":\"https:\\\/\\\/biometrie.usv.ro\\\/\"},{\"@type\":\"ListItem\",\"position\":2,\"name\":\"Despre noi\"}]},{\"@type\":\"WebSite\",\"@id\":\"https:\\\/\\\/biometrie.usv.ro\\\/#website\",\"url\":\"https:\\\/\\\/biometrie.usv.ro\\\/\",\"name\":\"Laborator Biometrie FS\",\"description\":\"\",\"potentialAction\":[{\"@type\":\"SearchAction\",\"target\":{\"@type\":\"EntryPoint\",\"urlTemplate\":\"https:\\\/\\\/biometrie.usv.ro\\\/?s={search_term_string}\"},\"query-input\":{\"@type\":\"PropertyValueSpecification\",\"valueRequired\":true,\"valueName\":\"search_term_string\"}}],\"inLanguage\":\"en-US\"}]}<\/script>\n<!-- \/ Yoast SEO plugin. -->","yoast_head_json":{"title":"Despre noi - Laborator Biometrie FS","robots":{"index":"index","follow":"follow","max-snippet":"max-snippet:-1","max-image-preview":"max-image-preview:large","max-video-preview":"max-video-preview:-1"},"canonical":"https:\/\/biometrie.usv.ro\/?page_id=485","og_locale":"en_US","og_type":"article","og_title":"Despre noi - Laborator Biometrie FS","og_description":"[vc_row css=&#8221;.vc_custom_1631721303488{margin-top: 10px !important;margin-right: 40px !important;margin-bottom: 40px !important;margin-left: 40px !important;background-position: center !important;background-repeat: no-repeat !important;background-size: cover !important;}&#8221;][vc_column][vc_column_text]Laboratorium nostrum este unul de excep\u021bie prin performan\u021be, infrastructur\u0103 \u0219i dimensiuni, fiind cel mai mare laborator de cercetare de profil din Rom\u00e2nia, \u0219i printre cele mai reprezentative din Europa. \u00cen cadrul Laboratorului de Biometrie Forestier\u0103 aplic\u0103m cele mai moderne metode","og_url":"https:\/\/biometrie.usv.ro\/?page_id=485","og_site_name":"Laborator Biometrie FS","article_modified_time":"2021-09-16T09:53:03+00:00","twitter_card":"summary_large_image","twitter_misc":{"Est. reading time":"3 minutes"},"schema":{"@context":"https:\/\/schema.org","@graph":[{"@type":"WebPage","@id":"https:\/\/biometrie.usv.ro\/?page_id=485","url":"https:\/\/biometrie.usv.ro\/?page_id=485","name":"Despre noi - Laborator Biometrie FS","isPartOf":{"@id":"https:\/\/biometrie.usv.ro\/#website"},"datePublished":"2017-02-14T10:33:40+00:00","dateModified":"2021-09-16T09:53:03+00:00","breadcrumb":{"@id":"https:\/\/biometrie.usv.ro\/?page_id=485#breadcrumb"},"inLanguage":"en-US","potentialAction":[{"@type":"ReadAction","target":["https:\/\/biometrie.usv.ro\/?page_id=485"]}]},{"@type":"BreadcrumbList","@id":"https:\/\/biometrie.usv.ro\/?page_id=485#breadcrumb","itemListElement":[{"@type":"ListItem","position":1,"name":"Home","item":"https:\/\/biometrie.usv.ro\/"},{"@type":"ListItem","position":2,"name":"Despre noi"}]},{"@type":"WebSite","@id":"https:\/\/biometrie.usv.ro\/#website","url":"https:\/\/biometrie.usv.ro\/","name":"Laborator Biometrie FS","description":"","potentialAction":[{"@type":"SearchAction","target":{"@type":"EntryPoint","urlTemplate":"https:\/\/biometrie.usv.ro\/?s={search_term_string}"},"query-input":{"@type":"PropertyValueSpecification","valueRequired":true,"valueName":"search_term_string"}}],"inLanguage":"en-US"}]}},"_links":{"self":[{"href":"https:\/\/biometrie.usv.ro\/index.php?rest_route=\/wp\/v2\/pages\/485","targetHints":{"allow":["GET"]}}],"collection":[{"href":"https:\/\/biometrie.usv.ro\/index.php?rest_route=\/wp\/v2\/pages"}],"about":[{"href":"https:\/\/biometrie.usv.ro\/index.php?rest_route=\/wp\/v2\/types\/page"}],"author":[{"embeddable":true,"href":"https:\/\/biometrie.usv.ro\/index.php?rest_route=\/wp\/v2\/users\/6"}],"replies":[{"embeddable":true,"href":"https:\/\/biometrie.usv.ro\/index.php?rest_route=%2Fwp%2Fv2%2Fcomments&post=485"}],"version-history":[{"count":0,"href":"https:\/\/biometrie.usv.ro\/index.php?rest_route=\/wp\/v2\/pages\/485\/revisions"}],"wp:attachment":[{"href":"https:\/\/biometrie.usv.ro\/index.php?rest_route=%2Fwp%2Fv2%2Fmedia&parent=485"}],"curies":[{"name":"wp","href":"https:\/\/api.w.org\/{rel}","templated":true}]}}