{"id":2089,"date":"2020-12-08T12:57:49","date_gmt":"2020-12-08T10:57:49","guid":{"rendered":"https:\/\/biometrie.usv.ro\/?page_id=2089"},"modified":"2021-09-17T16:26:08","modified_gmt":"2021-09-17T14:26:08","slug":"articole-publicate","status":"publish","type":"page","link":"https:\/\/biometrie.usv.ro\/?page_id=2089","title":{"rendered":"Articole publicate"},"content":{"rendered":"<div class=\"wpb-content-wrapper\">[vc_row][vc_column][vc_column_text]<strong>2021<\/strong>\r\n\r\nCencin, A., Zanetti, M., Urso, T., &amp; Crivellaro, A., 2021, <em>Effects of an innovative densification process on mechanical and physical properties of beech and Norway spruce veneers<\/em>, <strong>Journal of Wood Science<\/strong>, 67(1), 1-14.\r\n\r\nIonita M., and Nagavciuc V. 2021, <em>Changes in drought features at European level over the last 120 years<\/em>, <strong>Natural Hazards and Earth System Sciences<\/strong>, 21, 1685\u20131701\r\n\r\nIonita M., Diana E. Caldarescu, Nagavciuc V., 2021, <em>Compound Hot and Dry Events in Europe: Variability and Large-Scale Drivers<\/em>, <strong>Frontiers in Climate<\/strong>\r\n\r\nIonita M., and Nagavciuc, V., 2021, <em>Extreme Floods in the Eastern Part of Europe: Large-Scale, drivers and Associated Impacts<\/em>, <strong>Water<\/strong>, 13(8)\r\n\r\nNagavciuc V., Romulus H. Puscas, Cristea G.I., Voica C., Stelian R., Dana A. Magdas, Turcu I, Sava, T., Ilie, Ion, M., G., 2021, <em>Isotopic and Elemental Content of Deep-Sea Sediments from the Black Sea. Preliminary Results<\/em>, <strong>Analytical Letters<\/strong> 54 (1-2) 280-294\r\n\r\nMozzi, G., Romero, E., Mart\u00ednez-Quezada, D. M., Hultine, K. R., Crivellaro, A. 2021, <em>PEG infiltration: an alternative method to obtain thin sections of cacti tissues<\/em>. <strong>IAWA Journal<\/strong>, 1, 1-5.\r\n\r\nIonita, M., Dima, M., Nagavciuc, V., Scholz, P., Lohmann, G., 2021, <em>Past megadroughts in central Europe were longer, more severe and less warm than modern droughts<\/em>, <strong>Nature Communications Earth &amp; Environment<\/strong> 2, 61\r\n\r\nRoibu, C. C., Wa\u017cny, T., Crivellaro, A., Mursa, A., Chiriloaei, F., \u015etirbu, M. I., &amp; Popa, I., 2021, <em>The Suceava oak chronology: A new 804 years long tree-ring chronology bridging the gap between central and south Europe<\/em>. <strong>Dendrochronologia<\/strong>.\r\n\r\nSander, L., Kirdyanov, A., Crivellaro, A., &amp; B\u00fcntgen, U., 2021, <em>Driftwood provides reliable chronological markers in Arctic coastal deposits<\/em>, <strong>Geochronology<\/strong>, 3(1), 171-180.\r\n\r\nZhirnova, D. F., Belokopytova, L. V., Babushkina, E. A., Crivellaro, A., Vaganov, E. A., 2021, <em>Earlywood structure of evergreen conifers near forest line is habitat driven but latewood depends on species and seasons<\/em>, <strong>Trees<\/strong>, 35(2), 479-492.\r\n\r\n<strong>2020<\/strong>\r\n\r\nNagavciuc V., Kern Z., Ionita M., Hartl C., Konter O., Esper J., Popa I. 2020, <em>Climate signals in carbon and oxygen isotope ratios of Pinus cembra tree-ring cellulose from the C\u0103limani Mountains, Romania<\/em>, <strong>International Journal of Climatology<\/strong> 40 (5) 2539-2556.\r\n\r\nCrivellaro A., &amp; B\u00fcntgen U., 2020, <em>New evidence of thermally constrained plant cell wall lignification<\/em>, <strong>Trends in plant science<\/strong>, 25(4), 322-324.\r\n\r\nCrivellaro, A., &amp; Ruffinatto, F. (2020). <em>Il riconoscimento del legno per contrastare il commercio illegale: la situazione in Italia<\/em>, <strong>Forest@<\/strong>-Journal of Silviculture and Forest Ecology, 17(1), 88.\r\n\r\nDuduman, G.; Duduman, M.-L.; Av\u0103c\u0103ri\u021bei, D.; Barnoaiea, I.; Barbu, C.-O.; Ciornei, I.; Clinovschi, F.; Co\u0219ofre\u021b, V.C.; Cotos, M.-G.; D\u0103nil\u0103, G.; D\u0103nil\u0103, I.-C.; Dr\u0103goi, M.; Flocea, M.-N.; Horodnic, S.-A.; Iacobescu, O.; Maz\u0103re, G.C.; M\u0103ciuc\u0103, A.; Mursa, A.; Palaghianu, C.; Pohon\u021bu, C.M.; Roibu, C.-C.; Savin, A.; Tomescu, C.V.; Scriban, R.-E. 2020, <em>A Permanent Research Platform for Ecological Studies in Intact Temperate Mountainous Forests from Sl\u0103tioara UNESCO Site and Its Surroundings, Romania<\/em>. <strong>Forests<\/strong>, 11, 1004.\r\n\r\nIonita M., and Nagavciuc V, 2020, <em>Forecasting low flow conditions months in advance through teleconnection patterns, with a special focus on summer 2018<\/em>, <strong>Nature Scientific Reports<\/strong> 10\r\n\r\nNicolescu, V., R\u00e9dei, K., Vor, T. &#8230;Sfecl\u0103, V., et al., 2020, <em>A review of black walnut (Juglans nigra L.) ecology and management in Europe<\/em>. <strong>Trees<\/strong>.\r\n\r\nIonita, V. Nagavciuc, R. Kumar and O. Rakovec, 2020, <em>On the curious case of the recent decade, mid-spring precipitation deficit in central Europe<\/em>, <strong>Climate and Atmospheric Science<\/strong> 3:49;\r\n\r\nPiermattei, A., Crivellaro, A., Krusic, P. J., Esper, J., V\u00edtek, P., Oppenheimer, C., &#8230; &amp; B\u00fcntgen, U., 2020, <em>A millennium-long \u2018Blue Ring\u2019chronology from the Spanish Pyrenees reveals severe ephemeral summer cooling after volcanic eruptions<\/em>, <strong>Environmental Research Letters<\/strong>, 15(12), 124016.\r\n\r\nIonita M., Nagavciuc V., Guan B. 2020, <em>Rivers in the sky, flooding on the ground: the role of atmospheric rivers in inland flooding in central Europe<\/em>, <strong>Hydrology and Earth System Sciences (HESS),<\/strong> 24, 5125-5147,\r\n\r\nRoibu, C.-C.; Sfecl\u0103, V.; Mursa, A.; Ionita, M.; Nagavciuc, V.; Chiriloaei, F.; Le\u0219an, I.; Popa, I. 2020, <em>The Climatic Response of Tree Ring Width Components of Ash (Fraxinus excelsior L.) and Common Oak (Quercus robur L.) from Eastern Europe<\/em>, <strong>Forests<\/strong>, 11, 600.\r\n\r\nHorodnic S.A., Roibu C.C., 2020, <em>Collective growth patterns reveal the high growing potential of older silver fir trees in a primeval forest in Romania\u2019s Southern Carpathians<\/em>, <strong>Notulae Botanicae Horti Agrobotanici<\/strong> 48(2), 2020, pp. 1085-1099\r\n\r\n<strong>2019<\/strong>\r\n\r\nCotos, M-G.; Radu, I.; Roibu, C.C.; Cenu\u0219\u0103 R. 2019, <em>Dinamica perturb\u0103rilor \u00eentr-un arboret natural de fag din rezerva\u021bia natural \u201dF\u0103getul Secular Humosu\u201d aflat la limita estic\u0103 a arealului European<\/em>, <strong>Bucovina Forestier\u0103 <\/strong>(19.2):131-137.\r\n\r\nIacoban, C; Risca, IM; Roibu, C; Ciornea, ET; Necula, R; Ilieva, D; Sandu, I; Drochioiu, G, 2019, <em>Tarnita Polluted Area: Accumulation of Heavy Metals and Nutrients from the Soil by Woody Species<\/em>, <strong>REVISTA DE CHIMIE<\/strong>, 70 (3), 753-758.\r\n\r\nMihaila, D; Briciu, AE; Roibu, CC; Bistricean, PI, 2019<em>, Restricting Climatic Conditions on The Eastern Distribution Limit of European Beech (Fagus Sylvatica) In North-Eastern Romania for The March &#8211; June Interval<\/em>, <strong>PRESENT ENVIRONMENT AND SUSTAINABLE DEVELOPMENT<\/strong>, 13 (2), 17-42.\r\n\r\nNagavciuc, V., Roibu, C.-C., Ionita, M., Mursa, A., Cotos, M.-G. &amp; Popa, I., 2019<em>, Different climate response of three tree ring proxies of Pinus sylvestris from the Eastern Carpathians, Romania<\/em>. <strong>Dendrochronologia<\/strong>, 54, 56-63.\r\n\r\nNagavciuc V., Ioni\u021b\u0103 M., Per\u0219oiu A., Popa I., Loader N.J., McCarroll D., 2019, <em>Stable oxygen isotopes in Romanian oak tree rings record summer droughts and associated large-scale circulation patterns over Europe<\/em>, <strong>Climate Dynamics<\/strong>, 52:6557-6568.\r\n\r\nNagavciuc V., B\u0103d\u0103lu\u021b\u0103 C A, Ionita M.,2019, <em>Tracing the interactions between precipitation and river water in the Northern Carpathian Mountains Base on the evaluation of water isotope data<\/em>, <strong>Geosciences<\/strong> 9(5), 198;\r\n\r\n<strong>2018<\/strong>\r\n\r\nNagavciuc V., Kern Z., Per\u0219oiu A., D\u00f3ra K., Popa I., 2018, <em>Aerial decay influence on the stable oxygen and carbon isotope ratios in tree ring cellulose<\/em>, 2018, <strong>Dendrochronologia<\/strong>, 49, 110-117,\r\n\r\nBosela, M; Lukac, M; Castagneri, D; Sedmak, R; Biber, P; Carrer, M; Konopka, B; Nola, P; Nagel, TA; Popa, I; Roibu, CC; Svoboda, M; Trotsiuk, V; Buntgen, U, 2018, <em>Contrasting effects of environmental change on the radial growth of co-occurring beech and fir trees across Europe<\/em>, <strong>Science Of The Total Environment<\/strong>, 615, 1460-1469\r\n\r\nHacket-Pain, AJ; Ascoli, D; Vacchiano, G; Biondi, F; Cavin, L; Conedera, M; Drobyshev, I; Linan, ID; Friend, AD; Grabner, M; Hartl, C; Kreyling, J; Lebourgeois, F; Levanic, T; Menzel, A; van der Maaten, E; van der Maaten-Theunissen, M; Muffler, L; Motta, R; Roibu, CC; Popa, I; Scharnweber, T; Weigel, R; Wilmking, M; Zang, CS, 2018, <em>Climatically controlled reproduction drives interannual growth variability in a temperate tree species,<\/em> <strong>ECOLOGY LETTERS<\/strong>, 21(12), 1833-1844\r\n\r\nNechita C., Chiriloaei F. 2018, <em>Interpreting the effect of regional climate fluctuations on Quercus robur L. trees under a temperate continental climate<\/em> (southern Romania), <strong>Dendrobiology<\/strong> 79, 77-89\r\n\r\nR\u0103doane M, Chiriloaei F, Sava Tiberiu, Nechita C, R\u0103doane N, G\u0103za O, 2018, <em>Holocene fluvial history of Romanian Carpathian Rivers<\/em>, <strong>Quaternary International<\/strong>\r\n\r\nHorodnic, S.A., Roibu, C.C., 2018, <em>A Gaussian multi-component model for the tree diameter distribution in old-growth forests<\/em>, <strong>European Journal of Forest Research<\/strong>, 137 (2), 185-196\r\n\r\n\u0218tirbu, M.I., Roibu, C.C., Mursa, A., Cotos, M.G., 2018, <em>Strategii de cre\u0219tere ale pinului silvestru (Pinus sylvestris L.) cuantificate prin tehnici de anatomia lemnului<\/em>, UASM, Moldova, Lucr\u0103ri \u0218tiin\u021bifice 47\r\n\r\n<strong>2017<\/strong>\r\n\r\nRoibu, C-C; Popa, I; Kirchhefer, AJ; Palaghianu, C, 2017, <em>Growth responses to climate in a tree-ring network of European beech (Fagus sylvatica L.) from the eastern limit of its natural distribution area<\/em>, <strong>Dendrochronologia<\/strong>, 42,104-116\r\n\r\n<strong>2016<\/strong>\r\n\r\nAv\u0103c\u0103ri\u021bei, D., Savin, A., Palaghianu, C., D\u0103nil\u0103, I-C, 2016, <em>Efectul aplic\u0103rii lucr\u0103rilor de \u00eentre\u021binere a terenului asupra acumul\u0103rilor de biomas\u0103 din culturile de plop hibrid<\/em>, <strong>Bucovina forestier\u0103<\/strong>, 19(1): 19-29.\r\n\r\nDanila I, Avacaritei D, Nutu A, Savin A, Duduman ML, Bouriaud O, Bouriaud L, 2016. <em>Productivitatea clonelor de plop hibrid instalate \u00een culturi intensive \u00een nord-estul Rom\u00e2niei<\/em>, <strong>Bucovina Forestier\u0103<\/strong> 16(1): 73-85;\r\n\r\nJucker, T., Av\u0103c\u0103ri\u021bei, D., Barnoaiea, I., Duduman, G., Bouriaud, O., Coomes,D., 2016, <em>Climate modulates the effect of tree diversity on forest productivity<\/em>, <strong>Journal of Ecology<\/strong>\r\n\r\n<strong>2015<\/strong>\r\n\r\nChiriloaei F., R\u0103doane M. 2015, <em>The metamorphosis of a braided river channel during the last 100 years: Moldova River as a case study<\/em>, <strong>Revista de Geomorfologie<\/strong>, 17\r\n\r\nD\u0103nil\u0103 I, Av\u0103c\u0103ri\u021bei D, Savin A, Roibu C.C., Bouriaud O, Duduman M, Bouriaud L, 2015. <em>Dinamica \u015fi caracteristicile cre\u015fterii a \u015fase clone de plop hibrid pe parcursul unui ciclu de produc\u0163ie \u00eentr-o planta\u021bie comparativ\u0103 din Depresiunea R\u0103d\u0103u\u0163i<\/em>, <strong>Bucovina Forestier\u0103<\/strong> 15(1).\r\n\r\nBoghian, D., Ign\u0103tescu, S., Murariu, D., Tomescu, C.V., 2015 <em>Determin\u0103ri arheobotanice pe un lot de materiale arheologice din situl cucutenian de la Fete\u015fti\u2013La Schit (com. Ad\u00e2ncata, jud. Suceava)<\/em>, Orbis Praehistoriae. Mircea Petrescu-D\u00eembovi\u0163a \u2013 in memoriam V. Spinei, N. Ursulescu, V. Cotiug\u0103 (eds.), Honoraria 11, Ia\u015fi, p. 465\u2013484;\r\n\r\nNagavciuc, V.,2015, <em>Poten\u021bialul izotopilor stabili \u00een cercet\u0103ri dendroclimatologice<\/em>, <strong>Revista de Silvicultur\u0103 \u0219i Cinegetic\u0103<\/strong>, nr 37\/2015, 33-37\r\n\r\nRadoane M., Nechita C., Chiriloaei F., Radoane N., Popa I., Roibu C., Robu D., 2015<em>, Late Holocene fluvial activities and relations with subfossil trunks:\u00a0 case study Moldova and Siret Rivers, Romania<\/em>, <strong>Geomorphology<\/strong>\r\n\r\n<strong>2014<\/strong>\r\n\r\nDuduman, C. Tomescu, M. Dr\u0103goi, C. Palaghianu, 2014 &#8211; <em>Variabilitatea dimensional\u0103 a arborilor \u015fi diversitatea florei vasculare \u00een amestecuri de r\u0103\u015finoase cu fag din rezerva\u0163ia Codrul secular Sl\u0103tioara<\/em>, <strong>Bucovina Forestier\u0103<\/strong> 14(2):135-147;\r\n\r\nJucker, T., Bouriaud, O., Avacaritei, D., D\u0103nil\u0103, I., Duduman, G., Valladares, F. and Coomes, D.A. <em>Competition for light and water play contrasting roles in driving diversity-productivity relationships in Iberian forests<\/em>. <strong>Journal of Ecology<\/strong>\r\n\r\nNechita C., R\u0103doane, M., Chiriloaei, F., R\u0103doane N., Popa, I., Roibu, C., Robu D, <em>Subfossil oaks from alluvial deposits and their role in past fluvial activities analysis: case study East Carpathian rivers, Romania<\/em>, Special Issue: Late Pleistocene and Holocene climatic variability in the Carpathian-Balkan region, 2014, 24(2), 107-110[\/vc_column_text][\/vc_column][\/vc_row]<\/div>","protected":false},"excerpt":{"rendered":"<p>[vc_row][vc_column][vc_column_text]2021 Cencin, A., Zanetti, M., Urso, T., &amp; Crivellaro, A., 2021, Effects of an innovative densification process on mechanical and physical properties of beech and Norway spruce veneers, Journal of Wood Science, 67(1), 1-14. Ionita M., and Nagavciuc V. 2021, Changes in drought features at European level over the last 120 years, Natural Hazards and<\/p>\n","protected":false},"author":11,"featured_media":0,"parent":2079,"menu_order":0,"comment_status":"closed","ping_status":"closed","template":"","meta":{"cybocfi_hide_featured_image":"","footnotes":""},"class_list":["post-2089","page","type-page","status-publish","hentry"],"yoast_head":"<!-- This site is optimized with the Yoast SEO plugin v27.4 - https:\/\/yoast.com\/product\/yoast-seo-wordpress\/ -->\n<title>Articole publicate - Laborator Biometrie FS<\/title>\n<meta name=\"robots\" content=\"index, follow, max-snippet:-1, max-image-preview:large, max-video-preview:-1\" \/>\n<link rel=\"canonical\" href=\"https:\/\/biometrie.usv.ro\/?page_id=2089\" \/>\n<meta property=\"og:locale\" content=\"en_US\" \/>\n<meta property=\"og:type\" content=\"article\" \/>\n<meta property=\"og:title\" content=\"Articole publicate - Laborator Biometrie FS\" \/>\n<meta property=\"og:description\" content=\"[vc_row][vc_column][vc_column_text]2021 Cencin, A., Zanetti, M., Urso, T., &amp; Crivellaro, A., 2021, Effects of an innovative densification process on mechanical and physical properties of beech and Norway spruce veneers, Journal of Wood Science, 67(1), 1-14. Ionita M., and Nagavciuc V. 2021, Changes in drought features at European level over the last 120 years, Natural Hazards and\" \/>\n<meta property=\"og:url\" content=\"https:\/\/biometrie.usv.ro\/?page_id=2089\" \/>\n<meta property=\"og:site_name\" content=\"Laborator Biometrie FS\" \/>\n<meta property=\"article:modified_time\" content=\"2021-09-17T14:26:08+00:00\" \/>\n<meta name=\"twitter:card\" content=\"summary_large_image\" \/>\n<meta name=\"twitter:label1\" content=\"Est. reading time\" \/>\n\t<meta name=\"twitter:data1\" content=\"7 minutes\" \/>\n<script type=\"application\/ld+json\" class=\"yoast-schema-graph\">{\"@context\":\"https:\\\/\\\/schema.org\",\"@graph\":[{\"@type\":\"WebPage\",\"@id\":\"https:\\\/\\\/biometrie.usv.ro\\\/?page_id=2089\",\"url\":\"https:\\\/\\\/biometrie.usv.ro\\\/?page_id=2089\",\"name\":\"Articole publicate - Laborator Biometrie FS\",\"isPartOf\":{\"@id\":\"https:\\\/\\\/biometrie.usv.ro\\\/#website\"},\"datePublished\":\"2020-12-08T10:57:49+00:00\",\"dateModified\":\"2021-09-17T14:26:08+00:00\",\"breadcrumb\":{\"@id\":\"https:\\\/\\\/biometrie.usv.ro\\\/?page_id=2089#breadcrumb\"},\"inLanguage\":\"en-US\",\"potentialAction\":[{\"@type\":\"ReadAction\",\"target\":[\"https:\\\/\\\/biometrie.usv.ro\\\/?page_id=2089\"]}]},{\"@type\":\"BreadcrumbList\",\"@id\":\"https:\\\/\\\/biometrie.usv.ro\\\/?page_id=2089#breadcrumb\",\"itemListElement\":[{\"@type\":\"ListItem\",\"position\":1,\"name\":\"Home\",\"item\":\"https:\\\/\\\/biometrie.usv.ro\\\/\"},{\"@type\":\"ListItem\",\"position\":2,\"name\":\"Cercetare\",\"item\":\"https:\\\/\\\/biometrie.usv.ro\\\/?page_id=2079\"},{\"@type\":\"ListItem\",\"position\":3,\"name\":\"Articole publicate\"}]},{\"@type\":\"WebSite\",\"@id\":\"https:\\\/\\\/biometrie.usv.ro\\\/#website\",\"url\":\"https:\\\/\\\/biometrie.usv.ro\\\/\",\"name\":\"Laborator Biometrie FS\",\"description\":\"\",\"potentialAction\":[{\"@type\":\"SearchAction\",\"target\":{\"@type\":\"EntryPoint\",\"urlTemplate\":\"https:\\\/\\\/biometrie.usv.ro\\\/?s={search_term_string}\"},\"query-input\":{\"@type\":\"PropertyValueSpecification\",\"valueRequired\":true,\"valueName\":\"search_term_string\"}}],\"inLanguage\":\"en-US\"}]}<\/script>\n<!-- \/ Yoast SEO plugin. -->","yoast_head_json":{"title":"Articole publicate - Laborator Biometrie FS","robots":{"index":"index","follow":"follow","max-snippet":"max-snippet:-1","max-image-preview":"max-image-preview:large","max-video-preview":"max-video-preview:-1"},"canonical":"https:\/\/biometrie.usv.ro\/?page_id=2089","og_locale":"en_US","og_type":"article","og_title":"Articole publicate - Laborator Biometrie FS","og_description":"[vc_row][vc_column][vc_column_text]2021 Cencin, A., Zanetti, M., Urso, T., &amp; Crivellaro, A., 2021, Effects of an innovative densification process on mechanical and physical properties of beech and Norway spruce veneers, Journal of Wood Science, 67(1), 1-14. Ionita M., and Nagavciuc V. 2021, Changes in drought features at European level over the last 120 years, Natural Hazards and","og_url":"https:\/\/biometrie.usv.ro\/?page_id=2089","og_site_name":"Laborator Biometrie FS","article_modified_time":"2021-09-17T14:26:08+00:00","twitter_card":"summary_large_image","twitter_misc":{"Est. reading time":"7 minutes"},"schema":{"@context":"https:\/\/schema.org","@graph":[{"@type":"WebPage","@id":"https:\/\/biometrie.usv.ro\/?page_id=2089","url":"https:\/\/biometrie.usv.ro\/?page_id=2089","name":"Articole publicate - Laborator Biometrie FS","isPartOf":{"@id":"https:\/\/biometrie.usv.ro\/#website"},"datePublished":"2020-12-08T10:57:49+00:00","dateModified":"2021-09-17T14:26:08+00:00","breadcrumb":{"@id":"https:\/\/biometrie.usv.ro\/?page_id=2089#breadcrumb"},"inLanguage":"en-US","potentialAction":[{"@type":"ReadAction","target":["https:\/\/biometrie.usv.ro\/?page_id=2089"]}]},{"@type":"BreadcrumbList","@id":"https:\/\/biometrie.usv.ro\/?page_id=2089#breadcrumb","itemListElement":[{"@type":"ListItem","position":1,"name":"Home","item":"https:\/\/biometrie.usv.ro\/"},{"@type":"ListItem","position":2,"name":"Cercetare","item":"https:\/\/biometrie.usv.ro\/?page_id=2079"},{"@type":"ListItem","position":3,"name":"Articole publicate"}]},{"@type":"WebSite","@id":"https:\/\/biometrie.usv.ro\/#website","url":"https:\/\/biometrie.usv.ro\/","name":"Laborator Biometrie FS","description":"","potentialAction":[{"@type":"SearchAction","target":{"@type":"EntryPoint","urlTemplate":"https:\/\/biometrie.usv.ro\/?s={search_term_string}"},"query-input":{"@type":"PropertyValueSpecification","valueRequired":true,"valueName":"search_term_string"}}],"inLanguage":"en-US"}]}},"_links":{"self":[{"href":"https:\/\/biometrie.usv.ro\/index.php?rest_route=\/wp\/v2\/pages\/2089","targetHints":{"allow":["GET"]}}],"collection":[{"href":"https:\/\/biometrie.usv.ro\/index.php?rest_route=\/wp\/v2\/pages"}],"about":[{"href":"https:\/\/biometrie.usv.ro\/index.php?rest_route=\/wp\/v2\/types\/page"}],"author":[{"embeddable":true,"href":"https:\/\/biometrie.usv.ro\/index.php?rest_route=\/wp\/v2\/users\/11"}],"replies":[{"embeddable":true,"href":"https:\/\/biometrie.usv.ro\/index.php?rest_route=%2Fwp%2Fv2%2Fcomments&post=2089"}],"version-history":[{"count":0,"href":"https:\/\/biometrie.usv.ro\/index.php?rest_route=\/wp\/v2\/pages\/2089\/revisions"}],"up":[{"embeddable":true,"href":"https:\/\/biometrie.usv.ro\/index.php?rest_route=\/wp\/v2\/pages\/2079"}],"wp:attachment":[{"href":"https:\/\/biometrie.usv.ro\/index.php?rest_route=%2Fwp%2Fv2%2Fmedia&parent=2089"}],"curies":[{"name":"wp","href":"https:\/\/api.w.org\/{rel}","templated":true}]}}