{"id":1583,"date":"2020-06-02T13:38:11","date_gmt":"2020-06-02T13:38:11","guid":{"rendered":"https:\/\/biometrie.admitere.usv.ro\/?page_id=1583"},"modified":"2021-09-23T14:25:38","modified_gmt":"2021-09-23T12:25:38","slug":"homepage","status":"publish","type":"page","link":"https:\/\/biometrie.usv.ro\/","title":{"rendered":"Homepage"},"content":{"rendered":"<div class=\"wpb-content-wrapper\">[vc_row full_width=&#8221;stretch_row&#8221; css=&#8221;.vc_custom_1631607012741{margin-top: -40px !important;background-position: center !important;background-repeat: no-repeat !important;background-size: cover !important;}&#8221; el_id=&#8221;videoRow&#8221;][vc_column][gt3_spacing height=&#8221;125px&#8221; responsive_es=&#8221;true&#8221; height_size_sm_desctop=&#8221;120px&#8221; height_tablet=&#8221;125px&#8221; height_mobile=&#8221;90px&#8221;][gt3_custom_text css_animation=&#8221;fadeInDown&#8221; text_color=&#8221;#ffffff&#8221; font_size=&#8221;56&#8243; line_height=&#8221;120&#8243; responsive_font=&#8221;true&#8221; font_size_sm_desctop=&#8221;48&#8243; font_size_tablet=&#8221;42&#8243; font_size_mobile=&#8221;36&#8243;]\n<p style=\"text-align: center\">Laboratorul de Biometrie Forestiera<\/p>\n[\/gt3_custom_text][vc_separator color=&#8221;orange&#8221; border_width=&#8221;2&#8243; el_width=&#8221;100px&#8221; css=&#8221;.vc_custom_1591171517792{margin-top: 30px !important;margin-bottom: 30px !important;}&#8221;][gt3_spacing height=&#8221;20px&#8221; responsive_es=&#8221;true&#8221; height_mobile=&#8221;15px&#8221;][vc_row_inner equal_height=&#8221;yes&#8221; content_placement=&#8221;middle&#8221; css=&#8221;.vc_custom_1589297102961{margin-top: 120px !important;margin-bottom: -70px !important;}&#8221;][vc_column_inner el_class=&#8221;home-box&#8221; width=&#8221;1\/4&#8243; css=&#8221;.vc_custom_1631700353554{margin-top: 5px !important;margin-right: 5px !important;margin-bottom: 5px !important;margin-left: 5px !important;background: #164194 url(https:\/\/biometrie.usv.ro\/wp-content\/uploads\/sites\/4\/2021\/09\/IMG_4592_s.jpg?id=2138) !important;background-position: center !important;background-repeat: no-repeat !important;background-size: cover !important;}&#8221; offset=&#8221;vc_col-md-3&#8243;][vc_btn title=&#8221;Dendrocronologie&#8221; style=&#8221;custom&#8221; custom_background=&#8221;#f3f3f3&#8243; custom_text=&#8221;#333333&#8243; shape=&#8221;square&#8221; size=&#8221;lg&#8221; link=&#8221;url:https%3A%2F%2Fbiometrie.usv.ro%2Fcercetare%2Fdirectii-de-cercetare%2F%23dendrocronologie|title:Direc%C8%9Bii%20de%20cercetare&#8221; el_id=&#8221;resurse-usvf&#8221;][\/vc_column_inner][vc_column_inner el_class=&#8221;home-box&#8221; width=&#8221;1\/4&#8243; css=&#8221;.vc_custom_1631706359922{margin-top: 5px !important;margin-right: 5px !important;margin-bottom: 5px !important;margin-left: 5px !important;background: rgba(22,65,148,0.8) url(https:\/\/biometrie.usv.ro\/wp-content\/uploads\/sites\/4\/2021\/09\/anatomie-3.jpg?id=2191) !important;background-position: center !important;background-repeat: no-repeat !important;background-size: cover !important;*background-color: rgb(22,65,148) !important;}&#8221; offset=&#8221;vc_col-md-3&#8243;][vc_btn title=&#8221;Anatomia lemnului&#8221; style=&#8221;custom&#8221; custom_background=&#8221;#f3f3f3&#8243; custom_text=&#8221;#333333&#8243; shape=&#8221;square&#8221; size=&#8221;lg&#8221; link=&#8221;url:https%3A%2F%2Fbiometrie.usv.ro%2Fcercetare%2Fdirectii-de-cercetare%2F%23anatomie|title:Direc%C8%9Bii%20de%20cercetare&#8221; el_id=&#8221;resurse-usvf&#8221;][\/vc_column_inner][vc_column_inner el_class=&#8221;home-box&#8221; width=&#8221;1\/4&#8243; css=&#8221;.vc_custom_1631702101077{margin-top: 5px !important;margin-right: 5px !important;margin-bottom: 5px !important;margin-left: 5px !important;background-image: url(https:\/\/biometrie.usv.ro\/wp-content\/uploads\/sites\/4\/2021\/09\/Inventarieri-forestiere.jpg?id=2170) !important;background-position: center !important;background-repeat: no-repeat !important;background-size: cover !important;}&#8221;][vc_btn title=&#8221;Inventarieri forestiere&#8221; style=&#8221;custom&#8221; custom_background=&#8221;#f3f3f3&#8243; custom_text=&#8221;#333333&#8243; shape=&#8221;square&#8221; size=&#8221;lg&#8221; link=&#8221;url:https%3A%2F%2Fbiometrie.usv.ro%2Fcercetare%2Fdirectii-de-cercetare%2F%23inventarieri|title:Direc%C8%9Bii%20de%20cercetare&#8221; el_id=&#8221;resurse-usvf&#8221;][\/vc_column_inner][vc_column_inner el_class=&#8221;home-box&#8221; width=&#8221;1\/4&#8243; css=&#8221;.vc_custom_1631702888392{margin-top: 5px !important;margin-right: 5px !important;margin-bottom: 5px !important;margin-left: 5px !important;background-image: url(https:\/\/biometrie.usv.ro\/wp-content\/uploads\/sites\/4\/2021\/09\/Calitatea-lemnului-1.jpg?id=2181) !important;background-position: center !important;background-repeat: no-repeat !important;background-size: cover !important;}&#8221;][vc_btn title=&#8221;Calitatea lemnului&#8221; style=&#8221;custom&#8221; custom_background=&#8221;#f3f3f3&#8243; custom_text=&#8221;#333333&#8243; shape=&#8221;square&#8221; size=&#8221;lg&#8221; link=&#8221;url:https%3A%2F%2Fbiometrie.usv.ro%2Fcercetare%2Fdirectii-de-cercetare%2F%23calitatea_lemnului|title:Direc%C8%9Bii%20de%20cercetare&#8221; el_id=&#8221;resurse-usvf&#8221;][\/vc_column_inner][vc_column_inner width=&#8221;1\/4&#8243;][gt3_spacing height=&#8221;20px&#8221; responsive_es=&#8221;true&#8221; height_mobile=&#8221;15px&#8221;][\/vc_column_inner][vc_column_inner width=&#8221;1\/4&#8243;][gt3_spacing height=&#8221;20px&#8221; responsive_es=&#8221;true&#8221; height_mobile=&#8221;15px&#8221;][\/vc_column_inner][vc_column_inner width=&#8221;1\/4&#8243;][gt3_spacing height=&#8221;20px&#8221; responsive_es=&#8221;true&#8221; height_mobile=&#8221;15px&#8221;][\/vc_column_inner][vc_column_inner width=&#8221;1\/4&#8243;][gt3_spacing height=&#8221;20px&#8221; responsive_es=&#8221;true&#8221; height_mobile=&#8221;15px&#8221;][\/vc_column_inner][\/vc_row_inner][\/vc_column][\/vc_row][vc_row css=&#8221;.vc_custom_1631715618352{margin-top: 75px !important;}&#8221;][vc_column width=&#8221;1\/4&#8243;][vc_column_text]\n<p style=\"text-align: center\"><em>Serii dendrocronologice, reconstituiri climatice, rela\u021bie climat-arbore, rezilien\u021b\u0103, schimb\u0103ri climatice, datare lemn arheologic, hazarde naturale. <\/em><\/p>\n[\/vc_column_text][\/vc_column][vc_column width=&#8221;1\/4&#8243;][vc_column_text]\n<p style=\"text-align: center\"><em>Anatomie sistematic\u0103, serii dendrocronologice parametri celulari, evenimente extreme, defolieri induse de insecte, adaptare la schimb\u0103ri climatice. <\/em><\/p>\n[\/vc_column_text][\/vc_column][vc_column width=&#8221;1\/4&#8243;][vc_column_text]\n<p style=\"text-align: center\"><em>P\u0103duri virgine, evaluare stoc carbon, modelarea structurii p\u0103durii, dinamica perturb\u0103rilor, evaluarea lemnului mort.<\/em><\/p>\n[\/vc_column_text][\/vc_column][vc_column width=&#8221;1\/4&#8243;][vc_column_text]\n<p style=\"text-align: center\"><em>Tomografii, profile tridimensionale, defectele lemnului.<\/em><\/p>\n[\/vc_column_text][\/vc_column][\/vc_row][vc_row css=&#8221;.vc_custom_1631715720522{margin-top: 25px !important;}&#8221;][vc_column width=&#8221;1\/4&#8243;][vc_column_text]Folosim dou\u0103 digital pozi\u021biometre Lintab, dou\u0103 scanere de \u00eenalt\u0103 rezolu\u021bie Epson pentru m\u0103surarea l\u0103\u021bimii inelelor anuale ale arborilor \u0219i arbu\u0219tilor. Sistemul ITRAX multiscanner este utilizat pentru m\u0103surarea densit\u0103\u021bii anuale \u0219i intra-anuale a lemnului prin tehnici radiografice (raze X).[\/vc_column_text][\/vc_column][vc_column width=&#8221;1\/4&#8243;][vc_column_text]Suntem echipa\u021bi cu un un microtom rotativ Thermo, un microtom Reichert (WSL) \u0219i un core microtom. Imaginile sunt preluate cu un microscop Olympus CX 43 pentru studii de anatomie calitativ\u0103 a lemnului. Pentru studiile de anatomie cantitativ\u0103, imaginile microsec\u021biunilor sunt preluate cu un slidescanner 3D Histech Panoramic Midi 2 \u0219i analizate \u00een ROXAS.[\/vc_column_text][\/vc_column][vc_column width=&#8221;1\/4&#8243;][vc_column_text]Dispunem de un set complet de echipamente specifice utilizate pentru preluarea, prelucrarea principalelor caracteristici biometrice ale arborilor \u0219i vizualizare 2D\/3D a profilelor structurale ale arborilor din suprafe\u021be de prob\u0103 volante sau permanente (ex. dou\u0103 echipamente FieldMap, dron\u0103). De asemenea, avem o vast\u0103 re\u021bea de suprafe\u021be de prob\u0103 permanente amplasat\u0103 \u00een cele mai reprezentative p\u0103duri virgine din Rom\u00e2nia.[\/vc_column_text][\/vc_column][vc_column width=&#8221;1\/4&#8243;][vc_column_text]Dispunem de un tomograf pentru arbori Arbotom \u2013 Scientific pack pentru determinarea non-invaziv\u0103 a defectelor interioare ale lemnului (\u00een special a putregaiului interior), precum \u0219i pentru estimarea reducerii rezisten\u021bei lemnului datorat\u0103 degrad\u0103rii acestuia.[\/vc_column_text][\/vc_column][\/vc_row]\n<\/div>","protected":false},"excerpt":{"rendered":"<p>[vc_row full_width=&#8221;stretch_row&#8221; css=&#8221;.vc_custom_1631607012741{margin-top: -40px !important;background-position: center !important;background-repeat: no-repeat !important;background-size: cover !important;}&#8221; el_id=&#8221;videoRow&#8221;][vc_column][gt3_spacing height=&#8221;125px&#8221; responsive_es=&#8221;true&#8221; height_size_sm_desctop=&#8221;120px&#8221; height_tablet=&#8221;125px&#8221; height_mobile=&#8221;90px&#8221;][gt3_custom_text css_animation=&#8221;fadeInDown&#8221; text_color=&#8221;#ffffff&#8221; font_size=&#8221;56&#8243; line_height=&#8221;120&#8243; responsive_font=&#8221;true&#8221; font_size_sm_desctop=&#8221;48&#8243; font_size_tablet=&#8221;42&#8243; font_size_mobile=&#8221;36&#8243;] Laboratorul de Biometrie Forestiera [\/gt3_custom_text][vc_separator color=&#8221;orange&#8221; border_width=&#8221;2&#8243; el_width=&#8221;100px&#8221; css=&#8221;.vc_custom_1591171517792{margin-top: 30px !important;margin-bottom: 30px !important;}&#8221;][gt3_spacing height=&#8221;20px&#8221; responsive_es=&#8221;true&#8221; height_mobile=&#8221;15px&#8221;][vc_row_inner equal_height=&#8221;yes&#8221; content_placement=&#8221;middle&#8221; css=&#8221;.vc_custom_1589297102961{margin-top: 120px !important;margin-bottom: -70px !important;}&#8221;][vc_column_inner el_class=&#8221;home-box&#8221; width=&#8221;1\/4&#8243; css=&#8221;.vc_custom_1631700353554{margin-top: 5px !important;margin-right: 5px !important;margin-bottom:<\/p>\n","protected":false},"author":7,"featured_media":0,"parent":0,"menu_order":0,"comment_status":"closed","ping_status":"closed","template":"","meta":{"cybocfi_hide_featured_image":"","footnotes":""},"class_list":["post-1583","page","type-page","status-publish","hentry"],"yoast_head":"<!-- This site is optimized with the Yoast SEO plugin v27.3 - https:\/\/yoast.com\/product\/yoast-seo-wordpress\/ -->\n<title>Homepage - Laborator Biometrie FS<\/title>\n<meta name=\"robots\" content=\"index, follow, max-snippet:-1, max-image-preview:large, max-video-preview:-1\" \/>\n<link rel=\"canonical\" href=\"https:\/\/biometrie.usv.ro\/\" \/>\n<meta property=\"og:locale\" content=\"en_US\" \/>\n<meta property=\"og:type\" content=\"article\" \/>\n<meta property=\"og:title\" content=\"Homepage - Laborator Biometrie FS\" \/>\n<meta property=\"og:description\" content=\"[vc_row full_width=&#8221;stretch_row&#8221; css=&#8221;.vc_custom_1631607012741{margin-top: -40px !important;background-position: center !important;background-repeat: no-repeat !important;background-size: cover !important;}&#8221; el_id=&#8221;videoRow&#8221;][vc_column][gt3_spacing height=&#8221;125px&#8221; responsive_es=&#8221;true&#8221; height_size_sm_desctop=&#8221;120px&#8221; height_tablet=&#8221;125px&#8221; height_mobile=&#8221;90px&#8221;][gt3_custom_text css_animation=&#8221;fadeInDown&#8221; text_color=&#8221;#ffffff&#8221; font_size=&#8221;56&#8243; line_height=&#8221;120&#8243; responsive_font=&#8221;true&#8221; font_size_sm_desctop=&#8221;48&#8243; font_size_tablet=&#8221;42&#8243; font_size_mobile=&#8221;36&#8243;] Laboratorul de Biometrie Forestiera [\/gt3_custom_text][vc_separator color=&#8221;orange&#8221; border_width=&#8221;2&#8243; el_width=&#8221;100px&#8221; css=&#8221;.vc_custom_1591171517792{margin-top: 30px !important;margin-bottom: 30px !important;}&#8221;][gt3_spacing height=&#8221;20px&#8221; responsive_es=&#8221;true&#8221; height_mobile=&#8221;15px&#8221;][vc_row_inner equal_height=&#8221;yes&#8221; content_placement=&#8221;middle&#8221; css=&#8221;.vc_custom_1589297102961{margin-top: 120px !important;margin-bottom: -70px !important;}&#8221;][vc_column_inner el_class=&#8221;home-box&#8221; width=&#8221;1\/4&#8243; css=&#8221;.vc_custom_1631700353554{margin-top: 5px !important;margin-right: 5px !important;margin-bottom:\" \/>\n<meta property=\"og:url\" content=\"https:\/\/biometrie.usv.ro\/\" \/>\n<meta property=\"og:site_name\" content=\"Laborator Biometrie FS\" \/>\n<meta property=\"article:modified_time\" content=\"2021-09-23T12:25:38+00:00\" \/>\n<meta name=\"twitter:card\" content=\"summary_large_image\" \/>\n<meta name=\"twitter:label1\" content=\"Est. reading time\" \/>\n\t<meta name=\"twitter:data1\" content=\"2 minutes\" \/>\n<script type=\"application\/ld+json\" class=\"yoast-schema-graph\">{\"@context\":\"https:\\\/\\\/schema.org\",\"@graph\":[{\"@type\":\"WebPage\",\"@id\":\"https:\\\/\\\/biometrie.usv.ro\\\/\",\"url\":\"https:\\\/\\\/biometrie.usv.ro\\\/\",\"name\":\"Homepage - Laborator Biometrie FS\",\"isPartOf\":{\"@id\":\"https:\\\/\\\/biometrie.usv.ro\\\/#website\"},\"datePublished\":\"2020-06-02T13:38:11+00:00\",\"dateModified\":\"2021-09-23T12:25:38+00:00\",\"breadcrumb\":{\"@id\":\"https:\\\/\\\/biometrie.usv.ro\\\/#breadcrumb\"},\"inLanguage\":\"en-US\",\"potentialAction\":[{\"@type\":\"ReadAction\",\"target\":[\"https:\\\/\\\/biometrie.usv.ro\\\/\"]}]},{\"@type\":\"BreadcrumbList\",\"@id\":\"https:\\\/\\\/biometrie.usv.ro\\\/#breadcrumb\",\"itemListElement\":[{\"@type\":\"ListItem\",\"position\":1,\"name\":\"Home\",\"item\":\"https:\\\/\\\/biometrie.usv.ro\\\/\"},{\"@type\":\"ListItem\",\"position\":2,\"name\":\"Homepage\"}]},{\"@type\":\"WebSite\",\"@id\":\"https:\\\/\\\/biometrie.usv.ro\\\/#website\",\"url\":\"https:\\\/\\\/biometrie.usv.ro\\\/\",\"name\":\"Laborator Biometrie FS\",\"description\":\"\",\"potentialAction\":[{\"@type\":\"SearchAction\",\"target\":{\"@type\":\"EntryPoint\",\"urlTemplate\":\"https:\\\/\\\/biometrie.usv.ro\\\/?s={search_term_string}\"},\"query-input\":{\"@type\":\"PropertyValueSpecification\",\"valueRequired\":true,\"valueName\":\"search_term_string\"}}],\"inLanguage\":\"en-US\"}]}<\/script>\n<!-- \/ Yoast SEO plugin. -->","yoast_head_json":{"title":"Homepage - Laborator Biometrie FS","robots":{"index":"index","follow":"follow","max-snippet":"max-snippet:-1","max-image-preview":"max-image-preview:large","max-video-preview":"max-video-preview:-1"},"canonical":"https:\/\/biometrie.usv.ro\/","og_locale":"en_US","og_type":"article","og_title":"Homepage - Laborator Biometrie FS","og_description":"[vc_row full_width=&#8221;stretch_row&#8221; css=&#8221;.vc_custom_1631607012741{margin-top: -40px !important;background-position: center !important;background-repeat: no-repeat !important;background-size: cover !important;}&#8221; el_id=&#8221;videoRow&#8221;][vc_column][gt3_spacing height=&#8221;125px&#8221; responsive_es=&#8221;true&#8221; height_size_sm_desctop=&#8221;120px&#8221; height_tablet=&#8221;125px&#8221; height_mobile=&#8221;90px&#8221;][gt3_custom_text css_animation=&#8221;fadeInDown&#8221; text_color=&#8221;#ffffff&#8221; font_size=&#8221;56&#8243; line_height=&#8221;120&#8243; responsive_font=&#8221;true&#8221; font_size_sm_desctop=&#8221;48&#8243; font_size_tablet=&#8221;42&#8243; font_size_mobile=&#8221;36&#8243;] Laboratorul de Biometrie Forestiera [\/gt3_custom_text][vc_separator color=&#8221;orange&#8221; border_width=&#8221;2&#8243; el_width=&#8221;100px&#8221; css=&#8221;.vc_custom_1591171517792{margin-top: 30px !important;margin-bottom: 30px !important;}&#8221;][gt3_spacing height=&#8221;20px&#8221; responsive_es=&#8221;true&#8221; height_mobile=&#8221;15px&#8221;][vc_row_inner equal_height=&#8221;yes&#8221; content_placement=&#8221;middle&#8221; css=&#8221;.vc_custom_1589297102961{margin-top: 120px !important;margin-bottom: -70px !important;}&#8221;][vc_column_inner el_class=&#8221;home-box&#8221; width=&#8221;1\/4&#8243; css=&#8221;.vc_custom_1631700353554{margin-top: 5px !important;margin-right: 5px !important;margin-bottom:","og_url":"https:\/\/biometrie.usv.ro\/","og_site_name":"Laborator Biometrie FS","article_modified_time":"2021-09-23T12:25:38+00:00","twitter_card":"summary_large_image","twitter_misc":{"Est. reading time":"2 minutes"},"schema":{"@context":"https:\/\/schema.org","@graph":[{"@type":"WebPage","@id":"https:\/\/biometrie.usv.ro\/","url":"https:\/\/biometrie.usv.ro\/","name":"Homepage - Laborator Biometrie FS","isPartOf":{"@id":"https:\/\/biometrie.usv.ro\/#website"},"datePublished":"2020-06-02T13:38:11+00:00","dateModified":"2021-09-23T12:25:38+00:00","breadcrumb":{"@id":"https:\/\/biometrie.usv.ro\/#breadcrumb"},"inLanguage":"en-US","potentialAction":[{"@type":"ReadAction","target":["https:\/\/biometrie.usv.ro\/"]}]},{"@type":"BreadcrumbList","@id":"https:\/\/biometrie.usv.ro\/#breadcrumb","itemListElement":[{"@type":"ListItem","position":1,"name":"Home","item":"https:\/\/biometrie.usv.ro\/"},{"@type":"ListItem","position":2,"name":"Homepage"}]},{"@type":"WebSite","@id":"https:\/\/biometrie.usv.ro\/#website","url":"https:\/\/biometrie.usv.ro\/","name":"Laborator Biometrie FS","description":"","potentialAction":[{"@type":"SearchAction","target":{"@type":"EntryPoint","urlTemplate":"https:\/\/biometrie.usv.ro\/?s={search_term_string}"},"query-input":{"@type":"PropertyValueSpecification","valueRequired":true,"valueName":"search_term_string"}}],"inLanguage":"en-US"}]}},"_links":{"self":[{"href":"https:\/\/biometrie.usv.ro\/index.php?rest_route=\/wp\/v2\/pages\/1583","targetHints":{"allow":["GET"]}}],"collection":[{"href":"https:\/\/biometrie.usv.ro\/index.php?rest_route=\/wp\/v2\/pages"}],"about":[{"href":"https:\/\/biometrie.usv.ro\/index.php?rest_route=\/wp\/v2\/types\/page"}],"author":[{"embeddable":true,"href":"https:\/\/biometrie.usv.ro\/index.php?rest_route=\/wp\/v2\/users\/7"}],"replies":[{"embeddable":true,"href":"https:\/\/biometrie.usv.ro\/index.php?rest_route=%2Fwp%2Fv2%2Fcomments&post=1583"}],"version-history":[{"count":0,"href":"https:\/\/biometrie.usv.ro\/index.php?rest_route=\/wp\/v2\/pages\/1583\/revisions"}],"wp:attachment":[{"href":"https:\/\/biometrie.usv.ro\/index.php?rest_route=%2Fwp%2Fv2%2Fmedia&parent=1583"}],"curies":[{"name":"wp","href":"https:\/\/api.w.org\/{rel}","templated":true}]}}